{"id":43,"date":"2025-09-24T17:56:55","date_gmt":"2025-09-24T15:56:55","guid":{"rendered":"https:\/\/europatournee.eu\/about\/"},"modified":"2025-10-14T17:07:02","modified_gmt":"2025-10-14T15:07:02","slug":"about","status":"publish","type":"page","link":"https:\/\/europatournee.eu\/es\/europa-tournee\/","title":{"rendered":"Europa Tourn\u00e9e"},"content":{"rendered":"\t\t<div data-elementor-type=\"wp-post\" data-elementor-id=\"43\" class=\"elementor elementor-43\">\n\t\t\t\t<div class=\"elementor-element elementor-element-98746ab e-con-full e-flex e-con e-parent\" data-id=\"98746ab\" data-element_type=\"container\" data-settings=\"{&quot;background_background&quot;:&quot;classic&quot;,&quot;shape_divider_bottom&quot;:&quot;waves&quot;}\">\n\t\t\t\t<div class=\"elementor-shape elementor-shape-bottom\" aria-hidden=\"true\" data-negative=\"false\">\n\t\t\t<svg xmlns=\"http:\/\/www.w3.org\/2000\/svg\" viewBox=\"0 0 1000 100\" preserveAspectRatio=\"none\">\n\t<path class=\"elementor-shape-fill\" d=\"M421.9,6.5c22.6-2.5,51.5,0.4,75.5,5.3c23.6,4.9,70.9,23.5,100.5,35.7c75.8,32.2,133.7,44.5,192.6,49.7\n\tc23.6,2.1,48.7,3.5,103.4-2.5c54.7-6,106.2-25.6,106.2-25.6V0H0v30.3c0,0,72,32.6,158.4,30.5c39.2-0.7,92.8-6.7,134-22.4\n\tc21.2-8.1,52.2-18.2,79.7-24.2C399.3,7.9,411.6,7.5,421.9,6.5z\"\/>\n<\/svg>\t\t<\/div>\n\t\t<div class=\"elementor-element elementor-element-8e5ebfd e-con-full e-flex e-con e-child\" data-id=\"8e5ebfd\" data-element_type=\"container\">\n\t\t\t\t<div class=\"elementor-element elementor-element-299f7e7 elementor-widget elementor-widget-heading\" data-id=\"299f7e7\" data-element_type=\"widget\" data-widget_type=\"heading.default\">\n\t\t\t\t<div class=\"elementor-widget-container\">\n\t\t\t\t\t<h1 class=\"elementor-heading-title elementor-size-default\">EUROPA TOURN\u00c9E<\/h1>\t\t\t\t<\/div>\n\t\t\t\t<\/div>\n\t\t\t\t<\/div>\n\t\t\t\t<\/div>\n\t\t<div class=\"elementor-element elementor-element-5fafae0 e-flex e-con-boxed e-con e-parent\" data-id=\"5fafae0\" data-element_type=\"container\" data-settings=\"{&quot;background_background&quot;:&quot;classic&quot;}\">\n\t\t\t\t\t<div class=\"e-con-inner\">\n\t\t<div class=\"elementor-element elementor-element-925aeee e-con-full e-flex e-con e-child\" data-id=\"925aeee\" data-element_type=\"container\">\n\t\t\t\t<div class=\"elementor-element elementor-element-f2c5167 elementor-widget elementor-widget-image\" data-id=\"f2c5167\" data-element_type=\"widget\" data-widget_type=\"image.default\">\n\t\t\t\t<div class=\"elementor-widget-container\">\n\t\t\t\t\t\t\t\t\t\t\t\t\t\t\t<img fetchpriority=\"high\" decoding=\"async\" width=\"1024\" height=\"1024\" src=\"https:\/\/europatournee.eu\/wp-content\/uploads\/2025\/10\/livre-sur-bureau-parisien-3.png\" class=\"attachment-large size-large wp-image-2073\" alt=\"\" srcset=\"https:\/\/europatournee.eu\/wp-content\/uploads\/2025\/10\/livre-sur-bureau-parisien-3.png 1024w, https:\/\/europatournee.eu\/wp-content\/uploads\/2025\/10\/livre-sur-bureau-parisien-3-300x300.png 300w, https:\/\/europatournee.eu\/wp-content\/uploads\/2025\/10\/livre-sur-bureau-parisien-3-150x150.png 150w, https:\/\/europatournee.eu\/wp-content\/uploads\/2025\/10\/livre-sur-bureau-parisien-3-768x768.png 768w, https:\/\/europatournee.eu\/wp-content\/uploads\/2025\/10\/livre-sur-bureau-parisien-3-12x12.png 12w\" sizes=\"(max-width: 1024px) 100vw, 1024px\" \/>\t\t\t\t\t\t\t\t\t\t\t\t\t\t\t<\/div>\n\t\t\t\t<\/div>\n\t\t\t\t<\/div>\n\t\t<div class=\"elementor-element elementor-element-23cb408 e-con-full e-flex e-con e-child\" data-id=\"23cb408\" data-element_type=\"container\">\n\t\t\t\t<div class=\"elementor-element elementor-element-b988865 elementor-widget elementor-widget-text-editor\" data-id=\"b988865\" data-element_type=\"widget\" data-widget_type=\"text-editor.default\">\n\t\t\t\t<div class=\"elementor-widget-container\">\n\t\t\t\t\t\t\t\t\t<h2 data-start=\"2264\" data-end=\"2754\">\u00bfPor qu\u00e9 elegir Europa Tourn\u00e9e?<\/h2><p>\u00a0<\/p><p data-start=\"2264\" data-end=\"2754\">En Europa Tourn\u00e9e creemos firmemente que el teatro en lengua francesa no es solo un momento de emoci\u00f3n o entretenimiento, sino una poderosa herramienta de aprendizaje y de progreso ling\u00fc\u00edstico.<br data-start=\"2457\" data-end=\"2460\" \/>A diferencia de ciertos enfoques que priorizan la experiencia emocional \u2014donde lo importante es que los alumnos pasen un buen rato aunque no comprendan todas las palabras\u2014, nuestra propuesta se basa en la convicci\u00f3n de que <strong data-start=\"2683\" data-end=\"2751\">comprender el texto est\u00e1 en el coraz\u00f3n de la experiencia teatral<\/strong>.<\/p><p data-start=\"2756\" data-end=\"3127\">Hacemos todo lo posible para que los alumnos, cualquiera que sea su nivel de franc\u00e9s (de A1 a C2), puedan seguir, captar e integrar el vocabulario y las expresiones que escuchan en escena. Cada espect\u00e1culo est\u00e1 concebido como una etapa dentro de un recorrido ling\u00fc\u00edstico progresivo, reforzado por herramientas pedag\u00f3gicas adaptadas y un trabajo de preparaci\u00f3n en clase.<\/p><p data-start=\"3129\" data-end=\"3541\">Nuestra ambici\u00f3n es que, con los a\u00f1os y las representaciones, los alumnos ganen confianza y competencia, hasta alcanzar la capacidad de seguir un texto teatral completo, aut\u00e9ntico y exigente, <strong data-start=\"3321\" data-end=\"3352\">sin frustraci\u00f3n ni des\u00e1nimo<\/strong>. Queremos que se sientan orgullosos de su comprensi\u00f3n y de sus progresos, porque el teatro se convierte para ellos en un idioma vivo y dominado, y no en una simple experiencia sensorial.<\/p><p data-start=\"3543\" data-end=\"3611\">Para lograrlo, unimos <strong data-start=\"3565\" data-end=\"3608\">innovaci\u00f3n art\u00edstica y rigor pedag\u00f3gico<\/strong>:<\/p><ul data-start=\"3612\" data-end=\"3875\"><li data-start=\"3612\" data-end=\"3677\"><p data-start=\"3614\" data-end=\"3677\">recursos did\u00e1cticos completos y diferenciados seg\u00fan el nivel,<\/p><\/li><li data-start=\"3678\" data-end=\"3751\"><p data-start=\"3680\" data-end=\"3751\">una escenograf\u00eda y una puesta en escena que facilitan la comprensi\u00f3n,<\/p><\/li><li data-start=\"3752\" data-end=\"3797\"><p data-start=\"3754\" data-end=\"3797\">un acompa\u00f1amiento cercano a los docentes,<\/p><\/li><li data-start=\"3798\" data-end=\"3875\"><p data-start=\"3800\" data-end=\"3875\">e interacci\u00f3n con los actores para prolongar y enriquecer el aprendizaje.<\/p><\/li><\/ul><p data-start=\"3877\" data-end=\"4091\"><strong data-start=\"3877\" data-end=\"3895\">Europa Tourn\u00e9e<\/strong> garantiza un espect\u00e1culo a la altura de las expectativas de los profesores de franc\u00e9s como lengua extranjera, donde la emoci\u00f3n va de la mano con la comprensi\u00f3n, y donde <strong data-start=\"4065\" data-end=\"4088\">cada palabra cuenta<\/strong>.<\/p>\t\t\t\t\t\t\t\t<\/div>\n\t\t\t\t<\/div>\n\t\t\t\t<div class=\"elementor-element elementor-element-4ffba1d elementor-icon-list--layout-inline elementor-list-item-link-full_width elementor-widget elementor-widget-icon-list\" data-id=\"4ffba1d\" data-element_type=\"widget\" data-widget_type=\"icon-list.default\">\n\t\t\t\t<div class=\"elementor-widget-container\">\n\t\t\t\t\t\t\t<ul class=\"elementor-icon-list-items elementor-inline-items\">\n\t\t\t\t\t\t\t<li class=\"elementor-icon-list-item elementor-inline-item\">\n\t\t\t\t\t\t\t\t\t\t\t<a href=\"#\">\n\n\t\t\t\t\t\t\t\t\t\t\t\t<span class=\"elementor-icon-list-icon\">\n\t\t\t\t\t\t\t<i aria-hidden=\"true\" class=\"far fa-envelope\"><\/i>\t\t\t\t\t\t<\/span>\n\t\t\t\t\t\t\t\t\t\t<span class=\"elementor-icon-list-text\">europa.tournee@gmail.com<\/span>\n\t\t\t\t\t\t\t\t\t\t\t<\/a>\n\t\t\t\t\t\t\t\t\t<\/li>\n\t\t\t\t\t\t<\/ul>\n\t\t\t\t\t\t<\/div>\n\t\t\t\t<\/div>\n\t\t\t\t<\/div>\n\t\t\t\t\t<\/div>\n\t\t\t\t<\/div>\n\t\t\t\t<\/div>\n\t\t","protected":false},"excerpt":{"rendered":"<p>EUROPA TOURN\u00c9E \u00bfPor qu\u00e9 elegir Europa Tourn\u00e9e? En Europa Tourn\u00e9e creemos firmemente que el teatro en lengua francesa no es solo un momento de emoci\u00f3n o entretenimiento, sino una poderosa herramienta de aprendizaje y de progreso ling\u00fc\u00edstico.A diferencia de ciertos enfoques que priorizan la experiencia emocional \u2014donde lo importante es que los alumnos pasen un [&hellip;]<\/p>\n","protected":false},"author":1,"featured_media":0,"parent":0,"menu_order":0,"comment_status":"closed","ping_status":"closed","template":"","meta":{"_surecart_dashboard_logo_width":"180px","_surecart_dashboard_show_logo":true,"_surecart_dashboard_navigation_orders":true,"_surecart_dashboard_navigation_invoices":true,"_surecart_dashboard_navigation_subscriptions":true,"_surecart_dashboard_navigation_downloads":true,"_surecart_dashboard_navigation_billing":true,"_surecart_dashboard_navigation_account":true,"site-sidebar-layout":"no-sidebar","site-content-layout":"page-builder","ast-site-content-layout":"full-width-container","site-content-style":"unboxed","site-sidebar-style":"unboxed","ast-global-header-display":"","ast-banner-title-visibility":"","ast-main-header-display":"","ast-hfb-above-header-display":"","ast-hfb-below-header-display":"","ast-hfb-mobile-header-display":"","site-post-title":"disabled","ast-breadcrumbs-content":"","ast-featured-img":"disabled","footer-sml-layout":"","theme-transparent-header-meta":"enabled","adv-header-id-meta":"","stick-header-meta":"","header-above-stick-meta":"","header-main-stick-meta":"","header-below-stick-meta":"","astra-migrate-meta-layouts":"set","ast-page-background-enabled":"default","ast-page-background-meta":{"desktop":{"background-color":"","background-image":"","background-repeat":"repeat","background-position":"center center","background-size":"auto","background-attachment":"scroll","background-type":"","background-media":"","overlay-type":"","overlay-color":"","overlay-opacity":"","overlay-gradient":""},"tablet":{"background-color":"","background-image":"","background-repeat":"repeat","background-position":"center center","background-size":"auto","background-attachment":"scroll","background-type":"","background-media":"","overlay-type":"","overlay-color":"","overlay-opacity":"","overlay-gradient":""},"mobile":{"background-color":"","background-image":"","background-repeat":"repeat","background-position":"center center","background-size":"auto","background-attachment":"scroll","background-type":"","background-media":"","overlay-type":"","overlay-color":"","overlay-opacity":"","overlay-gradient":""}},"ast-content-background-meta":{"desktop":{"background-color":"var(--ast-global-color-5)","background-image":"","background-repeat":"repeat","background-position":"center center","background-size":"auto","background-attachment":"scroll","background-type":"","background-media":"","overlay-type":"","overlay-color":"","overlay-opacity":"","overlay-gradient":""},"tablet":{"background-color":"var(--ast-global-color-5)","background-image":"","background-repeat":"repeat","background-position":"center center","background-size":"auto","background-attachment":"scroll","background-type":"","background-media":"","overlay-type":"","overlay-color":"","overlay-opacity":"","overlay-gradient":""},"mobile":{"background-color":"var(--ast-global-color-5)","background-image":"","background-repeat":"repeat","background-position":"center center","background-size":"auto","background-attachment":"scroll","background-type":"","background-media":"","overlay-type":"","overlay-color":"","overlay-opacity":"","overlay-gradient":""}},"footnotes":""},"class_list":["post-43","page","type-page","status-publish","hentry"],"aioseo_notices":[],"_links":{"self":[{"href":"https:\/\/europatournee.eu\/es\/wp-json\/wp\/v2\/pages\/43","targetHints":{"allow":["GET"]}}],"collection":[{"href":"https:\/\/europatournee.eu\/es\/wp-json\/wp\/v2\/pages"}],"about":[{"href":"https:\/\/europatournee.eu\/es\/wp-json\/wp\/v2\/types\/page"}],"author":[{"embeddable":true,"href":"https:\/\/europatournee.eu\/es\/wp-json\/wp\/v2\/users\/1"}],"replies":[{"embeddable":true,"href":"https:\/\/europatournee.eu\/es\/wp-json\/wp\/v2\/comments?post=43"}],"version-history":[{"count":28,"href":"https:\/\/europatournee.eu\/es\/wp-json\/wp\/v2\/pages\/43\/revisions"}],"predecessor-version":[{"id":2479,"href":"https:\/\/europatournee.eu\/es\/wp-json\/wp\/v2\/pages\/43\/revisions\/2479"}],"wp:attachment":[{"href":"https:\/\/europatournee.eu\/es\/wp-json\/wp\/v2\/media?parent=43"}],"curies":[{"name":"wp","href":"https:\/\/api.w.org\/{rel}","templated":true}]}}