{"id":43,"date":"2025-09-24T17:56:55","date_gmt":"2025-09-24T15:56:55","guid":{"rendered":"https:\/\/europatournee.eu\/about\/"},"modified":"2025-10-14T17:07:02","modified_gmt":"2025-10-14T15:07:02","slug":"about","status":"publish","type":"page","link":"https:\/\/europatournee.eu\/it\/europa-tournee\/","title":{"rendered":"Europa Tourn\u00e9e"},"content":{"rendered":"\t\t<div data-elementor-type=\"wp-post\" data-elementor-id=\"43\" class=\"elementor elementor-43\">\n\t\t\t\t<div class=\"elementor-element elementor-element-98746ab e-con-full e-flex e-con e-parent\" data-id=\"98746ab\" data-element_type=\"container\" data-settings=\"{&quot;background_background&quot;:&quot;classic&quot;,&quot;shape_divider_bottom&quot;:&quot;waves&quot;}\">\n\t\t\t\t<div class=\"elementor-shape elementor-shape-bottom\" aria-hidden=\"true\" data-negative=\"false\">\n\t\t\t<svg xmlns=\"http:\/\/www.w3.org\/2000\/svg\" viewBox=\"0 0 1000 100\" preserveAspectRatio=\"none\">\n\t<path class=\"elementor-shape-fill\" d=\"M421.9,6.5c22.6-2.5,51.5,0.4,75.5,5.3c23.6,4.9,70.9,23.5,100.5,35.7c75.8,32.2,133.7,44.5,192.6,49.7\n\tc23.6,2.1,48.7,3.5,103.4-2.5c54.7-6,106.2-25.6,106.2-25.6V0H0v30.3c0,0,72,32.6,158.4,30.5c39.2-0.7,92.8-6.7,134-22.4\n\tc21.2-8.1,52.2-18.2,79.7-24.2C399.3,7.9,411.6,7.5,421.9,6.5z\"\/>\n<\/svg>\t\t<\/div>\n\t\t<div class=\"elementor-element elementor-element-8e5ebfd e-con-full e-flex e-con e-child\" data-id=\"8e5ebfd\" data-element_type=\"container\">\n\t\t\t\t<div class=\"elementor-element elementor-element-299f7e7 elementor-widget elementor-widget-heading\" data-id=\"299f7e7\" data-element_type=\"widget\" data-widget_type=\"heading.default\">\n\t\t\t\t<div class=\"elementor-widget-container\">\n\t\t\t\t\t<h1 class=\"elementor-heading-title elementor-size-default\">EUROPA TOURN\u00c9E<\/h1>\t\t\t\t<\/div>\n\t\t\t\t<\/div>\n\t\t\t\t<\/div>\n\t\t\t\t<\/div>\n\t\t<div class=\"elementor-element elementor-element-5fafae0 e-flex e-con-boxed e-con e-parent\" data-id=\"5fafae0\" data-element_type=\"container\" data-settings=\"{&quot;background_background&quot;:&quot;classic&quot;}\">\n\t\t\t\t\t<div class=\"e-con-inner\">\n\t\t<div class=\"elementor-element elementor-element-925aeee e-con-full e-flex e-con e-child\" data-id=\"925aeee\" data-element_type=\"container\">\n\t\t\t\t<div class=\"elementor-element elementor-element-f2c5167 elementor-widget elementor-widget-image\" data-id=\"f2c5167\" data-element_type=\"widget\" data-widget_type=\"image.default\">\n\t\t\t\t<div class=\"elementor-widget-container\">\n\t\t\t\t\t\t\t\t\t\t\t\t\t\t\t<img fetchpriority=\"high\" decoding=\"async\" width=\"1024\" height=\"1024\" src=\"https:\/\/europatournee.eu\/wp-content\/uploads\/2025\/10\/livre-sur-bureau-parisien-3.png\" class=\"attachment-large size-large wp-image-2073\" alt=\"\" srcset=\"https:\/\/europatournee.eu\/wp-content\/uploads\/2025\/10\/livre-sur-bureau-parisien-3.png 1024w, https:\/\/europatournee.eu\/wp-content\/uploads\/2025\/10\/livre-sur-bureau-parisien-3-300x300.png 300w, https:\/\/europatournee.eu\/wp-content\/uploads\/2025\/10\/livre-sur-bureau-parisien-3-150x150.png 150w, https:\/\/europatournee.eu\/wp-content\/uploads\/2025\/10\/livre-sur-bureau-parisien-3-768x768.png 768w, https:\/\/europatournee.eu\/wp-content\/uploads\/2025\/10\/livre-sur-bureau-parisien-3-12x12.png 12w\" sizes=\"(max-width: 1024px) 100vw, 1024px\" \/>\t\t\t\t\t\t\t\t\t\t\t\t\t\t\t<\/div>\n\t\t\t\t<\/div>\n\t\t\t\t<\/div>\n\t\t<div class=\"elementor-element elementor-element-23cb408 e-con-full e-flex e-con e-child\" data-id=\"23cb408\" data-element_type=\"container\">\n\t\t\t\t<div class=\"elementor-element elementor-element-b988865 elementor-widget elementor-widget-text-editor\" data-id=\"b988865\" data-element_type=\"widget\" data-widget_type=\"text-editor.default\">\n\t\t\t\t<div class=\"elementor-widget-container\">\n\t\t\t\t\t\t\t\t\t<h2><strong>Perch\u00e9 scegliere Europa Tourn\u00e9e ?<\/strong><\/h2><p>\u200b<\/p><p data-start=\"4166\" data-end=\"4657\">In Europa Tourn\u00e9e crediamo fermamente che il teatro in lingua francese non sia solo un momento di emozione o di svago, ma <strong data-start=\"4288\" data-end=\"4356\">uno strumento potente di apprendimento e di crescita linguistica<\/strong>.<br data-start=\"4357\" data-end=\"4360\" \/>A differenza di alcuni approcci che privilegiano soprattutto l\u2019esperienza emotiva \u2014in cui l\u2019importante \u00e8 che gli studenti si divertano anche senza capire tutte le parole\u2014, il nostro metodo si fonda sulla convinzione che <strong data-start=\"4580\" data-end=\"4654\">la comprensione del testo sia il cuore stesso dell\u2019esperienza teatrale<\/strong>.<\/p><p data-start=\"4659\" data-end=\"5033\">Facciamo tutto il possibile affinch\u00e9 gli studenti, qualunque sia il loro livello di francese (da A1 a C2), possano seguire, comprendere e assimilare il vocabolario e le espressioni ascoltate sul palcoscenico. Ogni spettacolo \u00e8 concepito come una tappa di un percorso linguistico progressivo, sostenuto da strumenti didattici adeguati e da un lavoro preparatorio in classe.<\/p><p data-start=\"5035\" data-end=\"5475\">La nostra ambizione \u00e8 che, nel corso degli anni e delle rappresentazioni, gli studenti acquistino fiducia e competenze, fino a raggiungere la capacit\u00e0 di seguire un testo teatrale completo, autentico ed esigente, <strong data-start=\"5248\" data-end=\"5288\">senza frustrazione n\u00e9 scoraggiamento<\/strong>. Vogliamo che siano orgogliosi della loro comprensione e dei loro progressi, perch\u00e9 il teatro diventa per loro <strong data-start=\"5400\" data-end=\"5435\">una lingua viva e padroneggiata<\/strong>, e non solo un\u2019esperienza sensoriale.<\/p><p data-start=\"5477\" data-end=\"5543\">Per questo uniamo <strong data-start=\"5495\" data-end=\"5540\">innovazione artistica e rigore pedagogico<\/strong>:<\/p><ul data-start=\"5544\" data-end=\"5806\"><li data-start=\"5544\" data-end=\"5610\"><p data-start=\"5546\" data-end=\"5610\">risorse didattiche complete e differenziate secondo i livelli,<\/p><\/li><li data-start=\"5611\" data-end=\"5675\"><p data-start=\"5613\" data-end=\"5675\">una scenografia e una regia che favoriscono la comprensione,<\/p><\/li><li data-start=\"5676\" data-end=\"5727\"><p data-start=\"5678\" data-end=\"5727\">un accompagnamento costante per gli insegnanti,<\/p><\/li><li data-start=\"5728\" data-end=\"5806\"><p data-start=\"5730\" data-end=\"5806\">un\u2019interazione con gli attori per prolungare e arricchire l\u2019apprendimento.<\/p><\/li><\/ul><p data-start=\"5808\" data-end=\"6019\"><strong data-start=\"5808\" data-end=\"5826\">Europa Tourn\u00e9e<\/strong> \u00e8 la garanzia di uno spettacolo all\u2019altezza delle aspettative dei docenti di francese lingua straniera, dove l\u2019emozione va di pari passo con la comprensione e <strong data-start=\"5986\" data-end=\"6016\">ogni parola ha il suo peso<\/strong>.<\/p>\t\t\t\t\t\t\t\t<\/div>\n\t\t\t\t<\/div>\n\t\t\t\t<div class=\"elementor-element elementor-element-4ffba1d elementor-icon-list--layout-inline elementor-list-item-link-full_width elementor-widget elementor-widget-icon-list\" data-id=\"4ffba1d\" data-element_type=\"widget\" data-widget_type=\"icon-list.default\">\n\t\t\t\t<div class=\"elementor-widget-container\">\n\t\t\t\t\t\t\t<ul class=\"elementor-icon-list-items elementor-inline-items\">\n\t\t\t\t\t\t\t<li class=\"elementor-icon-list-item elementor-inline-item\">\n\t\t\t\t\t\t\t\t\t\t\t<a href=\"#\">\n\n\t\t\t\t\t\t\t\t\t\t\t\t<span class=\"elementor-icon-list-icon\">\n\t\t\t\t\t\t\t<i aria-hidden=\"true\" class=\"far fa-envelope\"><\/i>\t\t\t\t\t\t<\/span>\n\t\t\t\t\t\t\t\t\t\t<span class=\"elementor-icon-list-text\">europa.tournee@gmail.com<\/span>\n\t\t\t\t\t\t\t\t\t\t\t<\/a>\n\t\t\t\t\t\t\t\t\t<\/li>\n\t\t\t\t\t\t<\/ul>\n\t\t\t\t\t\t<\/div>\n\t\t\t\t<\/div>\n\t\t\t\t<\/div>\n\t\t\t\t\t<\/div>\n\t\t\t\t<\/div>\n\t\t\t\t<\/div>\n\t\t","protected":false},"excerpt":{"rendered":"<p>EUROPA TOURN\u00c9E Perch\u00e9 scegliere Europa Tourn\u00e9e? In Europa Tourn\u00e9e crediamo fermamente che il teatro in lingua francese non sia solo un momento di emozione o di svago, ma uno strumento potente di apprendimento e di crescita linguistica.A differenza di alcuni approcci che privilegiano soprattutto l\u2019esperienza emotiva \u2014in cui l\u2019importante \u00e8 che gli studenti si divertano [&hellip;]<\/p>\n","protected":false},"author":1,"featured_media":0,"parent":0,"menu_order":0,"comment_status":"closed","ping_status":"closed","template":"","meta":{"_surecart_dashboard_logo_width":"180px","_surecart_dashboard_show_logo":true,"_surecart_dashboard_navigation_orders":true,"_surecart_dashboard_navigation_invoices":true,"_surecart_dashboard_navigation_subscriptions":true,"_surecart_dashboard_navigation_downloads":true,"_surecart_dashboard_navigation_billing":true,"_surecart_dashboard_navigation_account":true,"site-sidebar-layout":"no-sidebar","site-content-layout":"page-builder","ast-site-content-layout":"full-width-container","site-content-style":"unboxed","site-sidebar-style":"unboxed","ast-global-header-display":"","ast-banner-title-visibility":"","ast-main-header-display":"","ast-hfb-above-header-display":"","ast-hfb-below-header-display":"","ast-hfb-mobile-header-display":"","site-post-title":"disabled","ast-breadcrumbs-content":"","ast-featured-img":"disabled","footer-sml-layout":"","theme-transparent-header-meta":"enabled","adv-header-id-meta":"","stick-header-meta":"","header-above-stick-meta":"","header-main-stick-meta":"","header-below-stick-meta":"","astra-migrate-meta-layouts":"set","ast-page-background-enabled":"default","ast-page-background-meta":{"desktop":{"background-color":"","background-image":"","background-repeat":"repeat","background-position":"center center","background-size":"auto","background-attachment":"scroll","background-type":"","background-media":"","overlay-type":"","overlay-color":"","overlay-opacity":"","overlay-gradient":""},"tablet":{"background-color":"","background-image":"","background-repeat":"repeat","background-position":"center center","background-size":"auto","background-attachment":"scroll","background-type":"","background-media":"","overlay-type":"","overlay-color":"","overlay-opacity":"","overlay-gradient":""},"mobile":{"background-color":"","background-image":"","background-repeat":"repeat","background-position":"center center","background-size":"auto","background-attachment":"scroll","background-type":"","background-media":"","overlay-type":"","overlay-color":"","overlay-opacity":"","overlay-gradient":""}},"ast-content-background-meta":{"desktop":{"background-color":"var(--ast-global-color-5)","background-image":"","background-repeat":"repeat","background-position":"center center","background-size":"auto","background-attachment":"scroll","background-type":"","background-media":"","overlay-type":"","overlay-color":"","overlay-opacity":"","overlay-gradient":""},"tablet":{"background-color":"var(--ast-global-color-5)","background-image":"","background-repeat":"repeat","background-position":"center center","background-size":"auto","background-attachment":"scroll","background-type":"","background-media":"","overlay-type":"","overlay-color":"","overlay-opacity":"","overlay-gradient":""},"mobile":{"background-color":"var(--ast-global-color-5)","background-image":"","background-repeat":"repeat","background-position":"center center","background-size":"auto","background-attachment":"scroll","background-type":"","background-media":"","overlay-type":"","overlay-color":"","overlay-opacity":"","overlay-gradient":""}},"footnotes":""},"class_list":["post-43","page","type-page","status-publish","hentry"],"aioseo_notices":[],"_links":{"self":[{"href":"https:\/\/europatournee.eu\/it\/wp-json\/wp\/v2\/pages\/43","targetHints":{"allow":["GET"]}}],"collection":[{"href":"https:\/\/europatournee.eu\/it\/wp-json\/wp\/v2\/pages"}],"about":[{"href":"https:\/\/europatournee.eu\/it\/wp-json\/wp\/v2\/types\/page"}],"author":[{"embeddable":true,"href":"https:\/\/europatournee.eu\/it\/wp-json\/wp\/v2\/users\/1"}],"replies":[{"embeddable":true,"href":"https:\/\/europatournee.eu\/it\/wp-json\/wp\/v2\/comments?post=43"}],"version-history":[{"count":28,"href":"https:\/\/europatournee.eu\/it\/wp-json\/wp\/v2\/pages\/43\/revisions"}],"predecessor-version":[{"id":2479,"href":"https:\/\/europatournee.eu\/it\/wp-json\/wp\/v2\/pages\/43\/revisions\/2479"}],"wp:attachment":[{"href":"https:\/\/europatournee.eu\/it\/wp-json\/wp\/v2\/media?parent=43"}],"curies":[{"name":"wp","href":"https:\/\/api.w.org\/{rel}","templated":true}]}}