{"id":44,"date":"2025-09-24T17:56:55","date_gmt":"2025-09-24T15:56:55","guid":{"rendered":"https:\/\/europatournee.eu\/services\/"},"modified":"2025-10-14T19:53:11","modified_gmt":"2025-10-14T17:53:11","slug":"services","status":"publish","type":"page","link":"https:\/\/europatournee.eu\/it\/services\/","title":{"rendered":"Services"},"content":{"rendered":"\t\t<div data-elementor-type=\"wp-post\" data-elementor-id=\"44\" class=\"elementor elementor-44\">\n\t\t\t\t<div class=\"elementor-element elementor-element-7e1aeef e-flex e-con-boxed e-con e-parent\" data-id=\"7e1aeef\" data-element_type=\"container\" data-settings=\"{&quot;background_background&quot;:&quot;classic&quot;,&quot;shape_divider_bottom&quot;:&quot;waves&quot;}\">\n\t\t\t\t\t<div class=\"e-con-inner\">\n\t\t\t\t<div class=\"elementor-shape elementor-shape-bottom\" aria-hidden=\"true\" data-negative=\"false\">\n\t\t\t<svg xmlns=\"http:\/\/www.w3.org\/2000\/svg\" viewBox=\"0 0 1000 100\" preserveAspectRatio=\"none\">\n\t<path class=\"elementor-shape-fill\" d=\"M421.9,6.5c22.6-2.5,51.5,0.4,75.5,5.3c23.6,4.9,70.9,23.5,100.5,35.7c75.8,32.2,133.7,44.5,192.6,49.7\n\tc23.6,2.1,48.7,3.5,103.4-2.5c54.7-6,106.2-25.6,106.2-25.6V0H0v30.3c0,0,72,32.6,158.4,30.5c39.2-0.7,92.8-6.7,134-22.4\n\tc21.2-8.1,52.2-18.2,79.7-24.2C399.3,7.9,411.6,7.5,421.9,6.5z\"\/>\n<\/svg>\t\t<\/div>\n\t\t<div class=\"elementor-element elementor-element-1ad65e5 e-con-full e-flex e-con e-child\" data-id=\"1ad65e5\" data-element_type=\"container\">\n\t\t\t\t<div class=\"elementor-element elementor-element-7a97903 elementor-hidden-tablet elementor-hidden-mobile elementor-widget elementor-widget-heading\" data-id=\"7a97903\" data-element_type=\"widget\" data-widget_type=\"heading.default\">\n\t\t\t\t<div class=\"elementor-widget-container\">\n\t\t\t\t\t<h1 class=\"elementor-heading-title elementor-size-default\">Spectacles <\/h1>\t\t\t\t<\/div>\n\t\t\t\t<\/div>\n\t\t\t\t<div class=\"elementor-element elementor-element-883dff9 elementor-hidden-desktop elementor-widget elementor-widget-heading\" data-id=\"883dff9\" data-element_type=\"widget\" data-widget_type=\"heading.default\">\n\t\t\t\t<div class=\"elementor-widget-container\">\n\t\t\t\t\t<h2 class=\"elementor-heading-title elementor-size-default\">Spectacles<\/h2>\t\t\t\t<\/div>\n\t\t\t\t<\/div>\n\t\t\t\t<\/div>\n\t\t\t\t\t<\/div>\n\t\t\t\t<\/div>\n\t\t<div class=\"elementor-element elementor-element-c2ab864 e-grid e-con-boxed e-con e-parent\" data-id=\"c2ab864\" data-element_type=\"container\">\n\t\t\t\t\t<div class=\"e-con-inner\">\n\t\t\t\t<div class=\"elementor-element elementor-element-46ce61d elementor-widget elementor-widget-image\" data-id=\"46ce61d\" data-element_type=\"widget\" data-widget_type=\"image.default\">\n\t\t\t\t<div class=\"elementor-widget-container\">\n\t\t\t\t\t\t\t\t\t\t\t\t\t\t\t<img fetchpriority=\"high\" decoding=\"async\" width=\"200\" height=\"300\" src=\"https:\/\/europatournee.eu\/wp-content\/uploads\/2025\/09\/Immagine-JPEG-4DD4-B848-A4-0-200x300.jpeg\" class=\"attachment-medium size-medium wp-image-1902\" alt=\"\" srcset=\"https:\/\/europatournee.eu\/wp-content\/uploads\/2025\/09\/Immagine-JPEG-4DD4-B848-A4-0-200x300.jpeg 200w, https:\/\/europatournee.eu\/wp-content\/uploads\/2025\/09\/Immagine-JPEG-4DD4-B848-A4-0-683x1024.jpeg 683w, https:\/\/europatournee.eu\/wp-content\/uploads\/2025\/09\/Immagine-JPEG-4DD4-B848-A4-0-768x1152.jpeg 768w, https:\/\/europatournee.eu\/wp-content\/uploads\/2025\/09\/Immagine-JPEG-4DD4-B848-A4-0-8x12.jpeg 8w, https:\/\/europatournee.eu\/wp-content\/uploads\/2025\/09\/Immagine-JPEG-4DD4-B848-A4-0.jpeg 1024w\" sizes=\"(max-width: 200px) 100vw, 200px\" \/>\t\t\t\t\t\t\t\t\t\t\t\t\t\t\t<\/div>\n\t\t\t\t<\/div>\n\t\t\t\t<div class=\"elementor-element elementor-element-d5d994e elementor-widget elementor-widget-image\" data-id=\"d5d994e\" data-element_type=\"widget\" data-widget_type=\"image.default\">\n\t\t\t\t<div class=\"elementor-widget-container\">\n\t\t\t\t\t\t\t\t\t\t\t\t\t\t\t<img decoding=\"async\" width=\"200\" height=\"300\" src=\"https:\/\/europatournee.eu\/wp-content\/uploads\/2025\/10\/Tour-Promozionale-2026_-Spagna-e-Italia-200x300.png\" class=\"attachment-medium size-medium wp-image-2270\" alt=\"\" srcset=\"https:\/\/europatournee.eu\/wp-content\/uploads\/2025\/10\/Tour-Promozionale-2026_-Spagna-e-Italia-200x300.png 200w, https:\/\/europatournee.eu\/wp-content\/uploads\/2025\/10\/Tour-Promozionale-2026_-Spagna-e-Italia-683x1024.png 683w, https:\/\/europatournee.eu\/wp-content\/uploads\/2025\/10\/Tour-Promozionale-2026_-Spagna-e-Italia-768x1152.png 768w, https:\/\/europatournee.eu\/wp-content\/uploads\/2025\/10\/Tour-Promozionale-2026_-Spagna-e-Italia-8x12.png 8w, https:\/\/europatournee.eu\/wp-content\/uploads\/2025\/10\/Tour-Promozionale-2026_-Spagna-e-Italia.png 1024w\" sizes=\"(max-width: 200px) 100vw, 200px\" \/>\t\t\t\t\t\t\t\t\t\t\t\t\t\t\t<\/div>\n\t\t\t\t<\/div>\n\t\t\t\t\t<\/div>\n\t\t\t\t<\/div>\n\t\t<div class=\"elementor-element elementor-element-32ebe66 e-flex e-con-boxed e-con e-parent\" data-id=\"32ebe66\" data-element_type=\"container\" data-settings=\"{&quot;background_background&quot;:&quot;classic&quot;}\">\n\t\t\t\t\t<div class=\"e-con-inner\">\n\t\t<div class=\"elementor-element elementor-element-ca1e397 e-con-full e-flex e-con e-child\" data-id=\"ca1e397\" data-element_type=\"container\">\n\t\t<div class=\"elementor-element elementor-element-e5713e9 e-con-full e-flex e-con e-child\" data-id=\"e5713e9\" data-element_type=\"container\">\n\t\t\t\t<div class=\"elementor-element elementor-element-ca26d7c elementor-widget elementor-widget-image\" data-id=\"ca26d7c\" data-element_type=\"widget\" data-widget_type=\"image.default\">\n\t\t\t\t<div class=\"elementor-widget-container\">\n\t\t\t\t\t\t\t\t\t\t\t\t\t\t\t\t<a href=\"https:\/\/europatournee.eu\/wp-content\/uploads\/2025\/10\/Le-Petit-Prince-2.jpg\" data-elementor-open-lightbox=\"yes\" data-elementor-lightbox-title=\"Le Petit Prince (2)\" data-e-action-hash=\"#elementor-action%3Aaction%3Dlightbox%26settings%3DeyJpZCI6MjIwNSwidXJsIjoiaHR0cHM6XC9cL2V1cm9wYXRvdXJuZWUuZXVcL3dwLWNvbnRlbnRcL3VwbG9hZHNcLzIwMjVcLzEwXC9MZS1QZXRpdC1QcmluY2UtMi5qcGcifQ%3D%3D\">\n\t\t\t\t\t\t\t<img decoding=\"async\" width=\"1024\" height=\"724\" src=\"https:\/\/europatournee.eu\/wp-content\/uploads\/2025\/10\/Le-Petit-Prince-2-1024x724.jpg\" class=\"attachment-large size-large wp-image-2205\" alt=\"\" srcset=\"https:\/\/europatournee.eu\/wp-content\/uploads\/2025\/10\/Le-Petit-Prince-2-1024x724.jpg 1024w, https:\/\/europatournee.eu\/wp-content\/uploads\/2025\/10\/Le-Petit-Prince-2-300x212.jpg 300w, https:\/\/europatournee.eu\/wp-content\/uploads\/2025\/10\/Le-Petit-Prince-2-768x543.jpg 768w, https:\/\/europatournee.eu\/wp-content\/uploads\/2025\/10\/Le-Petit-Prince-2-1536x1086.jpg 1536w, https:\/\/europatournee.eu\/wp-content\/uploads\/2025\/10\/Le-Petit-Prince-2-18x12.jpg 18w, https:\/\/europatournee.eu\/wp-content\/uploads\/2025\/10\/Le-Petit-Prince-2.jpg 2000w\" sizes=\"(max-width: 1024px) 100vw, 1024px\" \/>\t\t\t\t\t\t\t\t<\/a>\n\t\t\t\t\t\t\t\t\t\t\t\t\t\t\t<\/div>\n\t\t\t\t<\/div>\n\t\t\t\t<div class=\"elementor-element elementor-element-db26ecd elementor-widget elementor-widget-spacer\" data-id=\"db26ecd\" data-element_type=\"widget\" data-widget_type=\"spacer.default\">\n\t\t\t\t<div class=\"elementor-widget-container\">\n\t\t\t\t\t\t\t<div class=\"elementor-spacer\">\n\t\t\t<div class=\"elementor-spacer-inner\"><\/div>\n\t\t<\/div>\n\t\t\t\t\t\t<\/div>\n\t\t\t\t<\/div>\n\t\t<div class=\"elementor-element elementor-element-2d34d71 e-con-full e-flex e-con e-child\" data-id=\"2d34d71\" data-element_type=\"container\">\n\t\t\t\t<div class=\"elementor-element elementor-element-b2edd52 elementor-widget elementor-widget-heading\" data-id=\"b2edd52\" data-element_type=\"widget\" data-widget_type=\"heading.default\">\n\t\t\t\t<div class=\"elementor-widget-container\">\n\t\t\t\t\t<h2 class=\"elementor-heading-title elementor-size-default\">Les personnages<\/h2>\t\t\t\t<\/div>\n\t\t\t\t<\/div>\n\t\t\t\t<\/div>\n\t\t\t\t<\/div>\n\t\t<div class=\"elementor-element elementor-element-4e71e51 e-con-full e-flex e-con e-child\" data-id=\"4e71e51\" data-element_type=\"container\">\n\t\t<div class=\"elementor-element elementor-element-2fd46ad e-con-full e-flex e-con e-child\" data-id=\"2fd46ad\" data-element_type=\"container\" data-settings=\"{&quot;background_background&quot;:&quot;classic&quot;}\">\n\t\t\t\t<div class=\"elementor-element elementor-element-d3ae676 elementor-widget elementor-widget-image-box\" data-id=\"d3ae676\" data-element_type=\"widget\" data-widget_type=\"image-box.default\">\n\t\t\t\t<div class=\"elementor-widget-container\">\n\t\t\t\t\t<div class=\"elementor-image-box-wrapper\"><div class=\"elementor-image-box-content\"><h4 class=\"elementor-image-box-title\">Le Petit Prince<\/h4><\/div><\/div>\t\t\t\t<\/div>\n\t\t\t\t<\/div>\n\t\t\t\t<\/div>\n\t\t<div class=\"elementor-element elementor-element-3f7d5d8 e-con-full e-flex e-con e-child\" data-id=\"3f7d5d8\" data-element_type=\"container\" data-settings=\"{&quot;background_background&quot;:&quot;classic&quot;}\">\n\t\t\t\t<div class=\"elementor-element elementor-element-df90306 elementor-widget elementor-widget-image-box\" data-id=\"df90306\" data-element_type=\"widget\" data-widget_type=\"image-box.default\">\n\t\t\t\t<div class=\"elementor-widget-container\">\n\t\t\t\t\t<div class=\"elementor-image-box-wrapper\"><div class=\"elementor-image-box-content\"><h4 class=\"elementor-image-box-title\">L'aviateur<\/h4><\/div><\/div>\t\t\t\t<\/div>\n\t\t\t\t<\/div>\n\t\t\t\t<\/div>\n\t\t<div class=\"elementor-element elementor-element-6510210 e-con-full e-flex e-con e-child\" data-id=\"6510210\" data-element_type=\"container\" data-settings=\"{&quot;background_background&quot;:&quot;classic&quot;}\">\n\t\t\t\t<div class=\"elementor-element elementor-element-179dc55 elementor-widget elementor-widget-image-box\" data-id=\"179dc55\" data-element_type=\"widget\" data-widget_type=\"image-box.default\">\n\t\t\t\t<div class=\"elementor-widget-container\">\n\t\t\t\t\t<div class=\"elementor-image-box-wrapper\"><div class=\"elementor-image-box-content\"><h4 class=\"elementor-image-box-title\">L\u2019allumeur de r\u00e9verb\u00e8res<\/h4><\/div><\/div>\t\t\t\t<\/div>\n\t\t\t\t<\/div>\n\t\t\t\t<\/div>\n\t\t\t\t<\/div>\n\t\t<div class=\"elementor-element elementor-element-154694c e-con-full e-flex e-con e-child\" data-id=\"154694c\" data-element_type=\"container\">\n\t\t<div class=\"elementor-element elementor-element-c3bebd8 e-con-full e-flex e-con e-child\" data-id=\"c3bebd8\" data-element_type=\"container\" data-settings=\"{&quot;background_background&quot;:&quot;classic&quot;}\">\n\t\t\t\t<div class=\"elementor-element elementor-element-6d01317 elementor-widget elementor-widget-image-box\" data-id=\"6d01317\" data-element_type=\"widget\" data-widget_type=\"image-box.default\">\n\t\t\t\t<div class=\"elementor-widget-container\">\n\t\t\t\t\t<div class=\"elementor-image-box-wrapper\"><div class=\"elementor-image-box-content\"><h4 class=\"elementor-image-box-title\">La Rose<\/h4><\/div><\/div>\t\t\t\t<\/div>\n\t\t\t\t<\/div>\n\t\t\t\t<\/div>\n\t\t<div class=\"elementor-element elementor-element-5760cff e-con-full e-flex e-con e-child\" data-id=\"5760cff\" data-element_type=\"container\" data-settings=\"{&quot;background_background&quot;:&quot;classic&quot;}\">\n\t\t\t\t<div class=\"elementor-element elementor-element-a368f53 elementor-widget elementor-widget-image-box\" data-id=\"a368f53\" data-element_type=\"widget\" data-widget_type=\"image-box.default\">\n\t\t\t\t<div class=\"elementor-widget-container\">\n\t\t\t\t\t<div class=\"elementor-image-box-wrapper\"><div class=\"elementor-image-box-content\"><h4 class=\"elementor-image-box-title\">Le Serpent<\/h4><\/div><\/div>\t\t\t\t<\/div>\n\t\t\t\t<\/div>\n\t\t\t\t<\/div>\n\t\t<div class=\"elementor-element elementor-element-13e567c e-con-full e-flex e-con e-child\" data-id=\"13e567c\" data-element_type=\"container\" data-settings=\"{&quot;background_background&quot;:&quot;classic&quot;}\">\n\t\t\t\t<div class=\"elementor-element elementor-element-b1eb780 elementor-widget elementor-widget-image-box\" data-id=\"b1eb780\" data-element_type=\"widget\" data-widget_type=\"image-box.default\">\n\t\t\t\t<div class=\"elementor-widget-container\">\n\t\t\t\t\t<div class=\"elementor-image-box-wrapper\"><div class=\"elementor-image-box-content\"><h4 class=\"elementor-image-box-title\">Le Roi<\/h4><\/div><\/div>\t\t\t\t<\/div>\n\t\t\t\t<\/div>\n\t\t\t\t<\/div>\n\t\t\t\t<\/div>\n\t\t\t\t<\/div>\n\t\t\t\t\t<\/div>\n\t\t\t\t<\/div>\n\t\t<div class=\"elementor-element elementor-element-f314c20 e-flex e-con-boxed e-con e-parent\" data-id=\"f314c20\" data-element_type=\"container\" data-settings=\"{&quot;background_background&quot;:&quot;classic&quot;}\">\n\t\t\t\t\t<div class=\"e-con-inner\">\n\t\t<div class=\"elementor-element elementor-element-abca8a0 e-con-full e-flex e-con e-child\" data-id=\"abca8a0\" data-element_type=\"container\">\n\t\t<div class=\"elementor-element elementor-element-6b42e6e e-con-full e-flex e-con e-child\" data-id=\"6b42e6e\" data-element_type=\"container\">\n\t\t<div class=\"elementor-element elementor-element-2dd08f8 e-grid e-con-full e-con e-child\" data-id=\"2dd08f8\" data-element_type=\"container\">\n\t\t\t\t<div class=\"elementor-element elementor-element-28ace98 elementor-widget elementor-widget-image\" data-id=\"28ace98\" data-element_type=\"widget\" data-widget_type=\"image.default\">\n\t\t\t\t<div class=\"elementor-widget-container\">\n\t\t\t\t\t\t\t\t\t\t\t\t\t\t\t<img loading=\"lazy\" decoding=\"async\" width=\"768\" height=\"1086\" src=\"https:\/\/europatournee.eu\/wp-content\/uploads\/2025\/10\/La_colonie_2055_A4_vertical_stretched-768x1086.jpg\" class=\"attachment-medium_large size-medium_large wp-image-2286\" alt=\"\" srcset=\"https:\/\/europatournee.eu\/wp-content\/uploads\/2025\/10\/La_colonie_2055_A4_vertical_stretched-768x1086.jpg 768w, https:\/\/europatournee.eu\/wp-content\/uploads\/2025\/10\/La_colonie_2055_A4_vertical_stretched-212x300.jpg 212w, https:\/\/europatournee.eu\/wp-content\/uploads\/2025\/10\/La_colonie_2055_A4_vertical_stretched-724x1024.jpg 724w, https:\/\/europatournee.eu\/wp-content\/uploads\/2025\/10\/La_colonie_2055_A4_vertical_stretched-1086x1536.jpg 1086w, https:\/\/europatournee.eu\/wp-content\/uploads\/2025\/10\/La_colonie_2055_A4_vertical_stretched-1448x2048.jpg 1448w, https:\/\/europatournee.eu\/wp-content\/uploads\/2025\/10\/La_colonie_2055_A4_vertical_stretched-8x12.jpg 8w, https:\/\/europatournee.eu\/wp-content\/uploads\/2025\/10\/La_colonie_2055_A4_vertical_stretched-scaled.jpg 1810w\" sizes=\"(max-width: 768px) 100vw, 768px\" \/>\t\t\t\t\t\t\t\t\t\t\t\t\t\t\t<\/div>\n\t\t\t\t<\/div>\n\t\t\t\t<div class=\"elementor-element elementor-element-4c8d029 elementor-widget elementor-widget-image\" data-id=\"4c8d029\" data-element_type=\"widget\" data-widget_type=\"image.default\">\n\t\t\t\t<div class=\"elementor-widget-container\">\n\t\t\t\t\t\t\t\t\t\t\t\t\t\t\t<img loading=\"lazy\" decoding=\"async\" width=\"300\" height=\"300\" src=\"https:\/\/europatournee.eu\/wp-content\/uploads\/2025\/10\/ChatGPT-Image-10-ott-2025-19_47_47-300x300.png\" class=\"attachment-medium size-medium wp-image-2279\" alt=\"\" srcset=\"https:\/\/europatournee.eu\/wp-content\/uploads\/2025\/10\/ChatGPT-Image-10-ott-2025-19_47_47-300x300.png 300w, https:\/\/europatournee.eu\/wp-content\/uploads\/2025\/10\/ChatGPT-Image-10-ott-2025-19_47_47-150x150.png 150w, https:\/\/europatournee.eu\/wp-content\/uploads\/2025\/10\/ChatGPT-Image-10-ott-2025-19_47_47-768x768.png 768w, https:\/\/europatournee.eu\/wp-content\/uploads\/2025\/10\/ChatGPT-Image-10-ott-2025-19_47_47-12x12.png 12w, https:\/\/europatournee.eu\/wp-content\/uploads\/2025\/10\/ChatGPT-Image-10-ott-2025-19_47_47.png 1024w\" sizes=\"(max-width: 300px) 100vw, 300px\" \/>\t\t\t\t\t\t\t\t\t\t\t\t\t\t\t<\/div>\n\t\t\t\t<\/div>\n\t\t\t\t<\/div>\n\t\t\t\t<\/div>\n\t\t\t\t<div class=\"elementor-element elementor-element-2c108b3 elementor-widget elementor-widget-spacer\" data-id=\"2c108b3\" data-element_type=\"widget\" data-widget_type=\"spacer.default\">\n\t\t\t\t<div class=\"elementor-widget-container\">\n\t\t\t\t\t\t\t<div class=\"elementor-spacer\">\n\t\t\t<div class=\"elementor-spacer-inner\"><\/div>\n\t\t<\/div>\n\t\t\t\t\t\t<\/div>\n\t\t\t\t<\/div>\n\t\t\t\t<div class=\"elementor-element elementor-element-0e40ae1 elementor-widget elementor-widget-image\" data-id=\"0e40ae1\" data-element_type=\"widget\" data-widget_type=\"image.default\">\n\t\t\t\t<div class=\"elementor-widget-container\">\n\t\t\t\t\t\t\t\t\t\t\t\t\t\t\t\t<a href=\"https:\/\/europatournee.eu\/wp-content\/uploads\/2025\/10\/Design-sans-titre.jpg\" data-elementor-open-lightbox=\"yes\" data-elementor-lightbox-title=\"Design sans titre\" data-e-action-hash=\"#elementor-action%3Aaction%3Dlightbox%26settings%3DeyJpZCI6MjE5NSwidXJsIjoiaHR0cHM6XC9cL2V1cm9wYXRvdXJuZWUuZXVcL3dwLWNvbnRlbnRcL3VwbG9hZHNcLzIwMjVcLzEwXC9EZXNpZ24tc2Fucy10aXRyZS5qcGcifQ%3D%3D\">\n\t\t\t\t\t\t\t<img loading=\"lazy\" decoding=\"async\" width=\"1024\" height=\"724\" src=\"https:\/\/europatournee.eu\/wp-content\/uploads\/2025\/10\/Design-sans-titre-1024x724.jpg\" class=\"attachment-large size-large wp-image-2195\" alt=\"\" srcset=\"https:\/\/europatournee.eu\/wp-content\/uploads\/2025\/10\/Design-sans-titre-1024x724.jpg 1024w, https:\/\/europatournee.eu\/wp-content\/uploads\/2025\/10\/Design-sans-titre-300x212.jpg 300w, https:\/\/europatournee.eu\/wp-content\/uploads\/2025\/10\/Design-sans-titre-768x543.jpg 768w, https:\/\/europatournee.eu\/wp-content\/uploads\/2025\/10\/Design-sans-titre-1536x1086.jpg 1536w, https:\/\/europatournee.eu\/wp-content\/uploads\/2025\/10\/Design-sans-titre-18x12.jpg 18w, https:\/\/europatournee.eu\/wp-content\/uploads\/2025\/10\/Design-sans-titre.jpg 2000w\" sizes=\"(max-width: 1024px) 100vw, 1024px\" \/>\t\t\t\t\t\t\t\t<\/a>\n\t\t\t\t\t\t\t\t\t\t\t\t\t\t\t<\/div>\n\t\t\t\t<\/div>\n\t\t<div class=\"elementor-element elementor-element-669e931 e-con-full e-flex e-con e-child\" data-id=\"669e931\" data-element_type=\"container\">\n\t\t\t\t<div class=\"elementor-element elementor-element-e799552 elementor-widget elementor-widget-heading\" data-id=\"e799552\" data-element_type=\"widget\" data-widget_type=\"heading.default\">\n\t\t\t\t<div class=\"elementor-widget-container\">\n\t\t\t\t\t<h2 class=\"elementor-heading-title elementor-size-default\">Les personnages<\/h2>\t\t\t\t<\/div>\n\t\t\t\t<\/div>\n\t\t\t\t<\/div>\n\t\t<div class=\"elementor-element elementor-element-7ad993d e-con-full e-flex e-con e-child\" data-id=\"7ad993d\" data-element_type=\"container\">\n\t\t<div class=\"elementor-element elementor-element-bbe88cf e-con-full e-flex e-con e-child\" data-id=\"bbe88cf\" data-element_type=\"container\" data-settings=\"{&quot;background_background&quot;:&quot;classic&quot;}\">\n\t\t\t\t<div class=\"elementor-element elementor-element-8e56289 elementor-widget elementor-widget-image-box\" data-id=\"8e56289\" data-element_type=\"widget\" data-widget_type=\"image-box.default\">\n\t\t\t\t<div class=\"elementor-widget-container\">\n\t\t\t\t\t<div class=\"elementor-image-box-wrapper\"><div class=\"elementor-image-box-content\"><h4 class=\"elementor-image-box-title\">Madame Sorbin<\/h4><\/div><\/div>\t\t\t\t<\/div>\n\t\t\t\t<\/div>\n\t\t\t\t<\/div>\n\t\t<div class=\"elementor-element elementor-element-bcc6f5f e-con-full e-flex e-con e-child\" data-id=\"bcc6f5f\" data-element_type=\"container\" data-settings=\"{&quot;background_background&quot;:&quot;classic&quot;}\">\n\t\t\t\t<div class=\"elementor-element elementor-element-7c988f7 elementor-widget elementor-widget-image-box\" data-id=\"7c988f7\" data-element_type=\"widget\" data-widget_type=\"image-box.default\">\n\t\t\t\t<div class=\"elementor-widget-container\">\n\t\t\t\t\t<div class=\"elementor-image-box-wrapper\"><div class=\"elementor-image-box-content\"><h4 class=\"elementor-image-box-title\">Arth\u00e9nice <\/h4><\/div><\/div>\t\t\t\t<\/div>\n\t\t\t\t<\/div>\n\t\t\t\t<\/div>\n\t\t<div class=\"elementor-element elementor-element-aaa6433 e-con-full e-flex e-con e-child\" data-id=\"aaa6433\" data-element_type=\"container\" data-settings=\"{&quot;background_background&quot;:&quot;classic&quot;}\">\n\t\t\t\t<div class=\"elementor-element elementor-element-a5f8fb0 elementor-widget elementor-widget-image-box\" data-id=\"a5f8fb0\" data-element_type=\"widget\" data-widget_type=\"image-box.default\">\n\t\t\t\t<div class=\"elementor-widget-container\">\n\t\t\t\t\t<div class=\"elementor-image-box-wrapper\"><div class=\"elementor-image-box-content\"><h4 class=\"elementor-image-box-title\">Lina<\/h4><\/div><\/div>\t\t\t\t<\/div>\n\t\t\t\t<\/div>\n\t\t\t\t<\/div>\n\t\t\t\t<\/div>\n\t\t<div class=\"elementor-element elementor-element-8fcd710 e-con-full e-flex e-con e-child\" data-id=\"8fcd710\" data-element_type=\"container\">\n\t\t<div class=\"elementor-element elementor-element-c58633d e-con-full e-flex e-con e-child\" data-id=\"c58633d\" data-element_type=\"container\" data-settings=\"{&quot;background_background&quot;:&quot;classic&quot;}\">\n\t\t\t\t<div class=\"elementor-element elementor-element-ef84314 elementor-widget elementor-widget-image-box\" data-id=\"ef84314\" data-element_type=\"widget\" data-widget_type=\"image-box.default\">\n\t\t\t\t<div class=\"elementor-widget-container\">\n\t\t\t\t\t<div class=\"elementor-image-box-wrapper\"><div class=\"elementor-image-box-content\"><h4 class=\"elementor-image-box-title\">Persinet<\/h4><\/div><\/div>\t\t\t\t<\/div>\n\t\t\t\t<\/div>\n\t\t\t\t<\/div>\n\t\t<div class=\"elementor-element elementor-element-19e7006 e-con-full e-flex e-con e-child\" data-id=\"19e7006\" data-element_type=\"container\" data-settings=\"{&quot;background_background&quot;:&quot;classic&quot;}\">\n\t\t\t\t<div class=\"elementor-element elementor-element-28b8adb elementor-widget elementor-widget-image-box\" data-id=\"28b8adb\" data-element_type=\"widget\" data-widget_type=\"image-box.default\">\n\t\t\t\t<div class=\"elementor-widget-container\">\n\t\t\t\t\t<div class=\"elementor-image-box-wrapper\"><div class=\"elementor-image-box-content\"><h4 class=\"elementor-image-box-title\">Monsieur Sorbin &amp; Timag\u00e8ne<\/h4><\/div><\/div>\t\t\t\t<\/div>\n\t\t\t\t<\/div>\n\t\t\t\t<\/div>\n\t\t<div class=\"elementor-element elementor-element-939d8f4 e-con-full e-flex e-con e-child\" data-id=\"939d8f4\" data-element_type=\"container\" data-settings=\"{&quot;background_background&quot;:&quot;classic&quot;}\">\n\t\t\t\t<div class=\"elementor-element elementor-element-eb3e00a elementor-widget elementor-widget-image-box\" data-id=\"eb3e00a\" data-element_type=\"widget\" data-widget_type=\"image-box.default\">\n\t\t\t\t<div class=\"elementor-widget-container\">\n\t\t\t\t\t<div class=\"elementor-image-box-wrapper\"><div class=\"elementor-image-box-content\"><h4 class=\"elementor-image-box-title\">Entr\u00e9e<\/h4><\/div><\/div>\t\t\t\t<\/div>\n\t\t\t\t<\/div>\n\t\t\t\t<\/div>\n\t\t\t\t<\/div>\n\t\t\t\t<\/div>\n\t\t\t\t\t<\/div>\n\t\t\t\t<\/div>\n\t\t<div class=\"elementor-element elementor-element-d1f73a5 e-flex e-con-boxed e-con e-parent\" data-id=\"d1f73a5\" data-element_type=\"container\">\n\t\t\t\t\t<div class=\"e-con-inner\">\n\t\t\t\t\t<\/div>\n\t\t\t\t<\/div>\n\t\t\t\t<\/div>\n\t\t","protected":false},"excerpt":{"rendered":"<p>Spectacles Spectacles Les personnages Le Petit Prince L&#8217;aviateur L\u2019allumeur de r\u00e9verb\u00e8res La Rose Le Serpent Le Roi Les personnages Madame Sorbin Arth\u00e9nice Lina Persinet Monsieur Sorbin &amp; Timag\u00e8ne Entr\u00e9e<\/p>\n","protected":false},"author":1,"featured_media":0,"parent":0,"menu_order":0,"comment_status":"closed","ping_status":"closed","template":"","meta":{"_surecart_dashboard_logo_width":"180px","_surecart_dashboard_show_logo":true,"_surecart_dashboard_navigation_orders":true,"_surecart_dashboard_navigation_invoices":true,"_surecart_dashboard_navigation_subscriptions":true,"_surecart_dashboard_navigation_downloads":true,"_surecart_dashboard_navigation_billing":true,"_surecart_dashboard_navigation_account":true,"site-sidebar-layout":"no-sidebar","site-content-layout":"page-builder","ast-site-content-layout":"","site-content-style":"default","site-sidebar-style":"default","ast-global-header-display":"","ast-banner-title-visibility":"","ast-main-header-display":"","ast-hfb-above-header-display":"","ast-hfb-below-header-display":"","ast-hfb-mobile-header-display":"","site-post-title":"disabled","ast-breadcrumbs-content":"","ast-featured-img":"disabled","footer-sml-layout":"","theme-transparent-header-meta":"enabled","adv-header-id-meta":"","stick-header-meta":"","header-above-stick-meta":"","header-main-stick-meta":"","header-below-stick-meta":"","astra-migrate-meta-layouts":"default","ast-page-background-enabled":"default","ast-page-background-meta":{"desktop":{"background-color":"","background-image":"","background-repeat":"repeat","background-position":"center center","background-size":"auto","background-attachment":"scroll","background-type":"","background-media":"","overlay-type":"","overlay-color":"","overlay-opacity":"","overlay-gradient":""},"tablet":{"background-color":"","background-image":"","background-repeat":"repeat","background-position":"center center","background-size":"auto","background-attachment":"scroll","background-type":"","background-media":"","overlay-type":"","overlay-color":"","overlay-opacity":"","overlay-gradient":""},"mobile":{"background-color":"","background-image":"","background-repeat":"repeat","background-position":"center center","background-size":"auto","background-attachment":"scroll","background-type":"","background-media":"","overlay-type":"","overlay-color":"","overlay-opacity":"","overlay-gradient":""}},"ast-content-background-meta":{"desktop":{"background-color":"var(--ast-global-color-5)","background-image":"","background-repeat":"repeat","background-position":"center center","background-size":"auto","background-attachment":"scroll","background-type":"","background-media":"","overlay-type":"","overlay-color":"","overlay-opacity":"","overlay-gradient":""},"tablet":{"background-color":"var(--ast-global-color-5)","background-image":"","background-repeat":"repeat","background-position":"center center","background-size":"auto","background-attachment":"scroll","background-type":"","background-media":"","overlay-type":"","overlay-color":"","overlay-opacity":"","overlay-gradient":""},"mobile":{"background-color":"var(--ast-global-color-5)","background-image":"","background-repeat":"repeat","background-position":"center center","background-size":"auto","background-attachment":"scroll","background-type":"","background-media":"","overlay-type":"","overlay-color":"","overlay-opacity":"","overlay-gradient":""}},"footnotes":""},"class_list":["post-44","page","type-page","status-publish","hentry"],"aioseo_notices":[],"_links":{"self":[{"href":"https:\/\/europatournee.eu\/it\/wp-json\/wp\/v2\/pages\/44","targetHints":{"allow":["GET"]}}],"collection":[{"href":"https:\/\/europatournee.eu\/it\/wp-json\/wp\/v2\/pages"}],"about":[{"href":"https:\/\/europatournee.eu\/it\/wp-json\/wp\/v2\/types\/page"}],"author":[{"embeddable":true,"href":"https:\/\/europatournee.eu\/it\/wp-json\/wp\/v2\/users\/1"}],"replies":[{"embeddable":true,"href":"https:\/\/europatournee.eu\/it\/wp-json\/wp\/v2\/comments?post=44"}],"version-history":[{"count":105,"href":"https:\/\/europatournee.eu\/it\/wp-json\/wp\/v2\/pages\/44\/revisions"}],"predecessor-version":[{"id":2486,"href":"https:\/\/europatournee.eu\/it\/wp-json\/wp\/v2\/pages\/44\/revisions\/2486"}],"wp:attachment":[{"href":"https:\/\/europatournee.eu\/it\/wp-json\/wp\/v2\/media?parent=44"}],"curies":[{"name":"wp","href":"https:\/\/api.w.org\/{rel}","templated":true}]}}